
{"id":989,"date":"2025-04-26T16:00:13","date_gmt":"2025-04-26T14:00:13","guid":{"rendered":"http:\/\/plaquebiere.fr\/?page_id=989"},"modified":"2025-06-03T01:41:19","modified_gmt":"2025-06-02T23:41:19","slug":"faq","status":"publish","type":"page","link":"http:\/\/plaquebiere.fr\/en\/faq\/","title":{"rendered":"Q&amp;A"},"content":{"rendered":"<div class=\"wp-block-cover alignfull is-light page-image-section\" style=\"min-height:70vh;aspect-ratio:unset;\"><img loading=\"lazy\" decoding=\"async\" width=\"1024\" height=\"683\" class=\"wp-block-cover__image-background wp-image-978 size-large\" alt=\"\" src=\"http:\/\/plaquebiere.fr\/wp-content\/uploads\/2025\/04\/evenement-peintre-1024x683.jpg\" data-object-fit=\"cover\" srcset=\"http:\/\/plaquebiere.fr\/wp-content\/uploads\/2025\/04\/evenement-peintre-1024x683.jpg 1024w, http:\/\/plaquebiere.fr\/wp-content\/uploads\/2025\/04\/evenement-peintre-300x200.jpg 300w, http:\/\/plaquebiere.fr\/wp-content\/uploads\/2025\/04\/evenement-peintre-768x512.jpg 768w, http:\/\/plaquebiere.fr\/wp-content\/uploads\/2025\/04\/evenement-peintre-1536x1024.jpg 1536w, http:\/\/plaquebiere.fr\/wp-content\/uploads\/2025\/04\/evenement-peintre-2048x1366.jpg 2048w, http:\/\/plaquebiere.fr\/wp-content\/uploads\/2025\/04\/evenement-peintre-18x12.jpg 18w, http:\/\/plaquebiere.fr\/wp-content\/uploads\/2025\/04\/evenement-peintre-600x400.jpg 600w\" sizes=\"auto, (max-width: 1024px) 100vw, 1024px\" \/><span aria-hidden=\"true\" class=\"wp-block-cover__background has-custom-vert-1-background-color has-background-dim\"><\/span><div class=\"wp-block-cover__inner-container is-layout-flow wp-block-cover-is-layout-flow\">\n<h1 class=\"wp-block-heading has-text-align-center has-custom-beige-1-color has-text-color has-link-color wp-elements-661d5fc0c68fda9058dd1d1da8eb0240\" style=\"font-size:clamp(46.987px, 2.937rem + ((1vw - 3.2px) * 4.689), 92px);\">Your questions<\/h1>\n<\/div><\/div>\n\n\n\n<div class=\"wp-block-group alignfull faq-conteneur has-custom-vert-3-background-color has-background has-global-padding is-layout-constrained wp-block-group-is-layout-constrained\" style=\"padding-top:0;padding-bottom:var(--wp--preset--spacing--60);background-image:url(&apos;http:\/\/plaquebiere.fr\/wp-content\/uploads\/2025\/05\/Texture-25-min-1.png&apos;);background-size:cover;\"><div class=\"yoast-breadcrumbs fil-ariane fil-ariane-gris\"><span><span><a href=\"http:\/\/plaquebiere.fr\/en\/\">Home<\/a><\/span> \u00bb <span class=\"breadcrumb_last\" aria-current=\"page\">Q&amp;A<\/span><\/span><\/div>\n\n\n<div class=\"wp-block-group alignwide border-orange1 faq-inner-conteneur has-custom-beige-1-background-color has-background is-layout-flow wp-block-group-is-layout-flow\" style=\"border-width:4px;border-radius:20px;margin-top:var(--wp--preset--spacing--20);margin-bottom:var(--wp--preset--spacing--50);padding-top:var(--wp--preset--spacing--50);padding-right:var(--wp--preset--spacing--30);padding-bottom:0;padding-left:var(--wp--preset--spacing--30)\">\n<h2 class=\"wp-block-heading has-text-align-center has-custom-vert-3-color has-text-color has-link-color has-montserrat-font-family wp-elements-2b666d4f91b1bea0c97e912ed297865d\" style=\"margin-bottom:var(--wp--preset--spacing--40);font-size:clamp(1.502rem, 1.502rem + ((1vw - 0.2rem) * 1.663), 2.5rem);font-style:normal;font-weight:700;text-transform:uppercase\">Frequently asked questions<\/h2>\n\n\n\n<div class=\"wp-block-group questions is-layout-flow wp-block-group-is-layout-flow\">\n<details class=\"wp-block-details question has-border-color has-custom-orange-2-border-color has-custom-orange-2-background-color has-background is-layout-flow wp-block-details-is-layout-flow\" style=\"border-width:4px;padding-top:0;padding-right:0;padding-bottom:0;padding-left:0\"><summary>What is a Plaquebi\u00e8re?<\/summary>\n<p><strong>The Plaquebi\u00e8re<\/strong>, also known as <strong>Chicoutai<\/strong>, <strong>Arctic Blackberry<\/strong> or <strong>Polar Berry<\/strong>, is a small northern fruit that comes from a perennial plant (Rubus chamaemorus) in the rose family. It grows in the tundra and the taiga, and can be eaten fresh or processed.<\/p>\n<\/details>\n\n\n\n<details class=\"wp-block-details question has-border-color has-custom-orange-2-border-color has-custom-orange-2-background-color has-background is-layout-flow wp-block-details-is-layout-flow\" style=\"border-width:4px;padding-top:0;padding-right:0;padding-bottom:0;padding-left:0\"><summary>How much does a ceramics workshop cost?<\/summary>\n<p>The fee is 40 euros, all materials are included in the price.<\/p>\n<\/details>\n\n\n\n<details class=\"wp-block-details question has-border-color has-custom-orange-2-border-color has-custom-orange-2-background-color has-background is-layout-flow wp-block-details-is-layout-flow\" style=\"border-width:4px;padding-top:0;padding-right:0;padding-bottom:0;padding-left:0\"><summary>Where are we located?<\/summary>\n<p>Our workshop is located at 7 rue d'altkirch, Strasbourg 67100<\/p>\n<\/details>\n\n\n\n<details class=\"wp-block-details question has-border-color has-custom-orange-2-border-color has-custom-orange-2-background-color has-background is-layout-flow wp-block-details-is-layout-flow\" style=\"border-width:4px;padding-top:0;padding-right:0;padding-bottom:0;padding-left:0\"><summary>How can I pay?<\/summary>\n<p>Payment can be made on site in cash (preferred), by credit card or via paypal.<\/p>\n<\/details>\n\n\n\n<details class=\"wp-block-details question has-border-color has-custom-orange-2-border-color has-custom-orange-2-background-color has-background is-layout-flow wp-block-details-is-layout-flow\" style=\"border-width:4px;padding-top:0;padding-right:0;padding-bottom:0;padding-left:0\"><summary>How long does a workshop last?<\/summary>\n<p>Each workshop lasts between 1h30 and 2h, depending on the activity.<\/p>\n<\/details>\n\n\n\n<details class=\"wp-block-details question has-border-color has-custom-orange-2-border-color has-custom-orange-2-background-color has-background is-layout-flow wp-block-details-is-layout-flow\" style=\"border-width:4px;padding-top:0;padding-right:0;padding-bottom:0;padding-left:0\"><summary>When and how do I get my ceramic piece of work?<\/summary>\n<p>They can be picked up about 4 weeks after the workshop. To find out if it's ready, just send us a photo of your piece by private message and ask if it's available. You can collect your piece directly from our studio.<\/p>\n<\/details>\n<\/div>\n\n\n\n<p class=\"has-text-align-center has-custom-vert-3-color has-text-color has-link-color wp-elements-a2008bd034aeb9130c5e7258e70a66bf\" style=\"margin-top:var(--wp--preset--spacing--30);margin-bottom:var(--wp--preset--spacing--50);font-size:clamp(16.834px, 1.052rem + ((1vw - 3.2px) * 0.955), 26px);font-style:normal;font-weight:700\"><strong>Can't find the answer to your question?<\/strong><\/p>\n\n\n\n<div class=\"wp-block-group btn-faq has-global-padding is-content-justification-center is-layout-constrained wp-block-group-is-layout-constrained\">\n<figure class=\"wp-block-image aligncenter size-full\"><img loading=\"lazy\" decoding=\"async\" width=\"316\" height=\"313\" src=\"http:\/\/plaquebiere.fr\/wp-content\/uploads\/2025\/05\/Soleil-1.png\" alt=\"\" class=\"wp-image-2296\" srcset=\"http:\/\/plaquebiere.fr\/wp-content\/uploads\/2025\/05\/Soleil-1.png 316w, http:\/\/plaquebiere.fr\/wp-content\/uploads\/2025\/05\/Soleil-1-300x297.png 300w, http:\/\/plaquebiere.fr\/wp-content\/uploads\/2025\/05\/Soleil-1-150x150.png 150w, http:\/\/plaquebiere.fr\/wp-content\/uploads\/2025\/05\/Soleil-1-12x12.png 12w\" sizes=\"auto, (max-width: 316px) 100vw, 316px\" \/><\/figure>\n\n\n\n<div class=\"wp-block-buttons sun-btn-con is-content-justification-center is-layout-flex wp-container-core-buttons-is-layout-23a043ba wp-block-buttons-is-layout-flex\">\n<div class=\"wp-block-button sun-button darkorange\"><a class=\"wp-block-button__link has-custom-beige-1-color has-text-color has-link-color has-custom-font-size wp-element-button\" href=\"http:\/\/plaquebiere.fr\/en\/nous-contacter\/\" style=\"border-radius:50%;padding-top:35px;padding-bottom:35px;font-size:clamp(14px, 0.875rem + ((1vw - 3.2px) * 0.208), 16px);font-style:normal;font-weight:700\">Contact us<\/a><\/div>\n<\/div>\n<\/div>\n\n\n\n<div class=\"wp-block-group small-sun-block small-faq-btn has-global-padding is-content-justification-center is-layout-constrained wp-block-group-is-layout-constrained\">\n<figure class=\"wp-block-image aligncenter size-full\"><img loading=\"lazy\" decoding=\"async\" width=\"316\" height=\"313\" src=\"http:\/\/plaquebiere.fr\/wp-content\/uploads\/2025\/05\/Soleil-1.png\" alt=\"\" class=\"wp-image-2296\" srcset=\"http:\/\/plaquebiere.fr\/wp-content\/uploads\/2025\/05\/Soleil-1.png 316w, http:\/\/plaquebiere.fr\/wp-content\/uploads\/2025\/05\/Soleil-1-300x297.png 300w, http:\/\/plaquebiere.fr\/wp-content\/uploads\/2025\/05\/Soleil-1-150x150.png 150w, http:\/\/plaquebiere.fr\/wp-content\/uploads\/2025\/05\/Soleil-1-12x12.png 12w\" sizes=\"auto, (max-width: 316px) 100vw, 316px\" \/><\/figure>\n\n\n\n<div class=\"wp-block-buttons sun-btn-con small-sun-btn-con is-content-justification-center is-layout-flex wp-container-core-buttons-is-layout-23a043ba wp-block-buttons-is-layout-flex\">\n<div class=\"wp-block-button sun-button darkorange small-sun-btn\"><a class=\"wp-block-button__link has-custom-beige-1-color has-text-color has-link-color has-custom-font-size wp-element-button\" href=\"http:\/\/plaquebiere.fr\/en\/reserver\/\" style=\"border-radius:50%;padding-top:35px;padding-bottom:35px;font-size:12px\">Contactez-Nous<\/a><\/div>\n<\/div>\n<\/div>\n<\/div>\n<\/div>\n\n\n\n<figure class=\"wp-block-image alignleft size-large is-resized remonte-btn-big\"><img loading=\"lazy\" decoding=\"async\" width=\"1024\" height=\"1024\" src=\"http:\/\/plaquebiere.fr\/wp-content\/uploads\/2025\/06\/Bouton-remonter-1024x1024.png\" alt=\"\" class=\"wp-image-4040\" style=\"object-fit:cover;width:70px;height:70px\" srcset=\"http:\/\/plaquebiere.fr\/wp-content\/uploads\/2025\/06\/Bouton-remonter-1024x1024.png 1024w, http:\/\/plaquebiere.fr\/wp-content\/uploads\/2025\/06\/Bouton-remonter-300x300.png 300w, http:\/\/plaquebiere.fr\/wp-content\/uploads\/2025\/06\/Bouton-remonter-150x150.png 150w, http:\/\/plaquebiere.fr\/wp-content\/uploads\/2025\/06\/Bouton-remonter-768x769.png 768w, http:\/\/plaquebiere.fr\/wp-content\/uploads\/2025\/06\/Bouton-remonter-12x12.png 12w, http:\/\/plaquebiere.fr\/wp-content\/uploads\/2025\/06\/Bouton-remonter.png 1194w\" sizes=\"auto, (max-width: 1024px) 100vw, 1024px\" \/><\/figure>","protected":false},"excerpt":{"rendered":"<p>Vos questions fr\u00e9quentes Vous n&rsquo;avez pas trouv\u00e9 de r\u00e9ponse \u00e0 votre question ?<\/p>","protected":false},"author":3,"featured_media":0,"parent":0,"menu_order":0,"comment_status":"closed","ping_status":"closed","template":"","meta":{"footnotes":""},"class_list":["post-989","page","type-page","status-publish","hentry"],"yoast_head":"<!-- This site is optimized with the Yoast SEO plugin v27.3 - https:\/\/yoast.com\/product\/yoast-seo-wordpress\/ -->\n<title>FAQ - Plaquebi\u00e8re<\/title>\n<meta name=\"robots\" content=\"index, follow, max-snippet:-1, max-image-preview:large, max-video-preview:-1\" \/>\n<link rel=\"canonical\" href=\"http:\/\/plaquebiere.fr\/en\/faq\/\" \/>\n<meta property=\"og:locale\" content=\"en_US\" \/>\n<meta property=\"og:type\" content=\"article\" \/>\n<meta property=\"og:title\" content=\"FAQ - Plaquebi\u00e8re\" \/>\n<meta property=\"og:description\" content=\"Vos questions fr\u00e9quentes Vous n&rsquo;avez pas trouv\u00e9 de r\u00e9ponse \u00e0 votre question ?\" \/>\n<meta property=\"og:url\" content=\"http:\/\/plaquebiere.fr\/en\/faq\/\" \/>\n<meta property=\"og:site_name\" content=\"Plaquebi\u00e8re\" \/>\n<meta property=\"article:modified_time\" content=\"2025-06-02T23:41:19+00:00\" \/>\n<meta property=\"og:image\" content=\"http:\/\/plaquebiere.fr\/wp-content\/uploads\/2025\/04\/evenement-peintre-1024x683.jpg\" \/>\n<meta name=\"twitter:card\" content=\"summary_large_image\" \/>\n<meta name=\"twitter:label1\" content=\"Est. reading time\" \/>\n\t<meta name=\"twitter:data1\" content=\"2 minutes\" \/>\n<script type=\"application\/ld+json\" class=\"yoast-schema-graph\">{\"@context\":\"https:\\\/\\\/schema.org\",\"@graph\":[{\"@type\":\"WebPage\",\"@id\":\"http:\\\/\\\/plaquebiere.fr\\\/en\\\/faq\\\/\",\"url\":\"http:\\\/\\\/plaquebiere.fr\\\/en\\\/faq\\\/\",\"name\":\"FAQ - Plaquebi\u00e8re\",\"isPartOf\":{\"@id\":\"http:\\\/\\\/plaquebiere.fr\\\/en\\\/#website\"},\"primaryImageOfPage\":{\"@id\":\"http:\\\/\\\/plaquebiere.fr\\\/en\\\/faq\\\/#primaryimage\"},\"image\":{\"@id\":\"http:\\\/\\\/plaquebiere.fr\\\/en\\\/faq\\\/#primaryimage\"},\"thumbnailUrl\":\"http:\\\/\\\/plaquebiere.fr\\\/wp-content\\\/uploads\\\/2025\\\/04\\\/evenement-peintre-1024x683.jpg\",\"datePublished\":\"2025-04-26T14:00:13+00:00\",\"dateModified\":\"2025-06-02T23:41:19+00:00\",\"breadcrumb\":{\"@id\":\"http:\\\/\\\/plaquebiere.fr\\\/en\\\/faq\\\/#breadcrumb\"},\"inLanguage\":\"en-US\",\"potentialAction\":[{\"@type\":\"ReadAction\",\"target\":[\"http:\\\/\\\/plaquebiere.fr\\\/en\\\/faq\\\/\"]}]},{\"@type\":\"ImageObject\",\"inLanguage\":\"en-US\",\"@id\":\"http:\\\/\\\/plaquebiere.fr\\\/en\\\/faq\\\/#primaryimage\",\"url\":\"http:\\\/\\\/plaquebiere.fr\\\/wp-content\\\/uploads\\\/2025\\\/04\\\/evenement-peintre-1024x683.jpg\",\"contentUrl\":\"http:\\\/\\\/plaquebiere.fr\\\/wp-content\\\/uploads\\\/2025\\\/04\\\/evenement-peintre-1024x683.jpg\"},{\"@type\":\"BreadcrumbList\",\"@id\":\"http:\\\/\\\/plaquebiere.fr\\\/en\\\/faq\\\/#breadcrumb\",\"itemListElement\":[{\"@type\":\"ListItem\",\"position\":1,\"name\":\"Accueil\",\"item\":\"http:\\\/\\\/plaquebiere.fr\\\/en\\\/\"},{\"@type\":\"ListItem\",\"position\":2,\"name\":\"FAQ\"}]},{\"@type\":\"WebSite\",\"@id\":\"http:\\\/\\\/plaquebiere.fr\\\/en\\\/#website\",\"url\":\"http:\\\/\\\/plaquebiere.fr\\\/en\\\/\",\"name\":\"Plaquebi\u00e8re\",\"description\":\"Atelier d&#039;art\",\"publisher\":{\"@id\":\"http:\\\/\\\/plaquebiere.fr\\\/en\\\/#organization\"},\"potentialAction\":[{\"@type\":\"SearchAction\",\"target\":{\"@type\":\"EntryPoint\",\"urlTemplate\":\"http:\\\/\\\/plaquebiere.fr\\\/en\\\/?s={search_term_string}\"},\"query-input\":{\"@type\":\"PropertyValueSpecification\",\"valueRequired\":true,\"valueName\":\"search_term_string\"}}],\"inLanguage\":\"en-US\"},{\"@type\":\"Organization\",\"@id\":\"http:\\\/\\\/plaquebiere.fr\\\/en\\\/#organization\",\"name\":\"Plaquebi\u00e8re\",\"url\":\"http:\\\/\\\/plaquebiere.fr\\\/en\\\/\",\"logo\":{\"@type\":\"ImageObject\",\"inLanguage\":\"en-US\",\"@id\":\"http:\\\/\\\/plaquebiere.fr\\\/en\\\/#\\\/schema\\\/logo\\\/image\\\/\",\"url\":\"http:\\\/\\\/plaquebiere.fr\\\/wp-content\\\/uploads\\\/2024\\\/10\\\/Logo-BEIGE-1.png\",\"contentUrl\":\"http:\\\/\\\/plaquebiere.fr\\\/wp-content\\\/uploads\\\/2024\\\/10\\\/Logo-BEIGE-1.png\",\"width\":500,\"height\":500,\"caption\":\"Plaquebi\u00e8re\"},\"image\":{\"@id\":\"http:\\\/\\\/plaquebiere.fr\\\/en\\\/#\\\/schema\\\/logo\\\/image\\\/\"}}]}<\/script>\n<!-- \/ Yoast SEO plugin. -->","yoast_head_json":{"title":"FAQ - Plaquebi\u00e8re","robots":{"index":"index","follow":"follow","max-snippet":"max-snippet:-1","max-image-preview":"max-image-preview:large","max-video-preview":"max-video-preview:-1"},"canonical":"http:\/\/plaquebiere.fr\/en\/faq\/","og_locale":"en_US","og_type":"article","og_title":"FAQ - Plaquebi\u00e8re","og_description":"Vos questions fr\u00e9quentes Vous n&rsquo;avez pas trouv\u00e9 de r\u00e9ponse \u00e0 votre question ?","og_url":"http:\/\/plaquebiere.fr\/en\/faq\/","og_site_name":"Plaquebi\u00e8re","article_modified_time":"2025-06-02T23:41:19+00:00","og_image":[{"url":"http:\/\/plaquebiere.fr\/wp-content\/uploads\/2025\/04\/evenement-peintre-1024x683.jpg","type":"","width":"","height":""}],"twitter_card":"summary_large_image","twitter_misc":{"Est. reading time":"2 minutes"},"schema":{"@context":"https:\/\/schema.org","@graph":[{"@type":"WebPage","@id":"http:\/\/plaquebiere.fr\/en\/faq\/","url":"http:\/\/plaquebiere.fr\/en\/faq\/","name":"FAQ - Plaquebi\u00e8re","isPartOf":{"@id":"http:\/\/plaquebiere.fr\/en\/#website"},"primaryImageOfPage":{"@id":"http:\/\/plaquebiere.fr\/en\/faq\/#primaryimage"},"image":{"@id":"http:\/\/plaquebiere.fr\/en\/faq\/#primaryimage"},"thumbnailUrl":"http:\/\/plaquebiere.fr\/wp-content\/uploads\/2025\/04\/evenement-peintre-1024x683.jpg","datePublished":"2025-04-26T14:00:13+00:00","dateModified":"2025-06-02T23:41:19+00:00","breadcrumb":{"@id":"http:\/\/plaquebiere.fr\/en\/faq\/#breadcrumb"},"inLanguage":"en-US","potentialAction":[{"@type":"ReadAction","target":["http:\/\/plaquebiere.fr\/en\/faq\/"]}]},{"@type":"ImageObject","inLanguage":"en-US","@id":"http:\/\/plaquebiere.fr\/en\/faq\/#primaryimage","url":"http:\/\/plaquebiere.fr\/wp-content\/uploads\/2025\/04\/evenement-peintre-1024x683.jpg","contentUrl":"http:\/\/plaquebiere.fr\/wp-content\/uploads\/2025\/04\/evenement-peintre-1024x683.jpg"},{"@type":"BreadcrumbList","@id":"http:\/\/plaquebiere.fr\/en\/faq\/#breadcrumb","itemListElement":[{"@type":"ListItem","position":1,"name":"Accueil","item":"http:\/\/plaquebiere.fr\/en\/"},{"@type":"ListItem","position":2,"name":"FAQ"}]},{"@type":"WebSite","@id":"http:\/\/plaquebiere.fr\/en\/#website","url":"http:\/\/plaquebiere.fr\/en\/","name":"Plaquebi\u00e8re","description":"Atelier d&#039;art","publisher":{"@id":"http:\/\/plaquebiere.fr\/en\/#organization"},"potentialAction":[{"@type":"SearchAction","target":{"@type":"EntryPoint","urlTemplate":"http:\/\/plaquebiere.fr\/en\/?s={search_term_string}"},"query-input":{"@type":"PropertyValueSpecification","valueRequired":true,"valueName":"search_term_string"}}],"inLanguage":"en-US"},{"@type":"Organization","@id":"http:\/\/plaquebiere.fr\/en\/#organization","name":"Plaquebi\u00e8re","url":"http:\/\/plaquebiere.fr\/en\/","logo":{"@type":"ImageObject","inLanguage":"en-US","@id":"http:\/\/plaquebiere.fr\/en\/#\/schema\/logo\/image\/","url":"http:\/\/plaquebiere.fr\/wp-content\/uploads\/2024\/10\/Logo-BEIGE-1.png","contentUrl":"http:\/\/plaquebiere.fr\/wp-content\/uploads\/2024\/10\/Logo-BEIGE-1.png","width":500,"height":500,"caption":"Plaquebi\u00e8re"},"image":{"@id":"http:\/\/plaquebiere.fr\/en\/#\/schema\/logo\/image\/"}}]}},"jetpack_sharing_enabled":true,"_links":{"self":[{"href":"http:\/\/plaquebiere.fr\/en\/wp-json\/wp\/v2\/pages\/989","targetHints":{"allow":["GET"]}}],"collection":[{"href":"http:\/\/plaquebiere.fr\/en\/wp-json\/wp\/v2\/pages"}],"about":[{"href":"http:\/\/plaquebiere.fr\/en\/wp-json\/wp\/v2\/types\/page"}],"author":[{"embeddable":true,"href":"http:\/\/plaquebiere.fr\/en\/wp-json\/wp\/v2\/users\/3"}],"replies":[{"embeddable":true,"href":"http:\/\/plaquebiere.fr\/en\/wp-json\/wp\/v2\/comments?post=989"}],"version-history":[{"count":73,"href":"http:\/\/plaquebiere.fr\/en\/wp-json\/wp\/v2\/pages\/989\/revisions"}],"predecessor-version":[{"id":4154,"href":"http:\/\/plaquebiere.fr\/en\/wp-json\/wp\/v2\/pages\/989\/revisions\/4154"}],"wp:attachment":[{"href":"http:\/\/plaquebiere.fr\/en\/wp-json\/wp\/v2\/media?parent=989"}],"curies":[{"name":"wp","href":"https:\/\/api.w.org\/{rel}","templated":true}]}}