
{"id":98,"date":"2025-04-02T18:48:09","date_gmt":"2025-04-02T16:48:09","guid":{"rendered":"http:\/\/plaquebiere.fr\/?page_id=98"},"modified":"2025-06-02T22:47:49","modified_gmt":"2025-06-02T20:47:49","slug":"reserver","status":"publish","type":"page","link":"http:\/\/plaquebiere.fr\/en\/reserver\/","title":{"rendered":"Book a class"},"content":{"rendered":"<div class=\"wp-block-cover alignfull is-light page-image-section\" style=\"min-height:70vh;aspect-ratio:unset;\"><img loading=\"lazy\" decoding=\"async\" width=\"1024\" height=\"683\" class=\"wp-block-cover__image-background wp-image-3128 size-large\" alt=\"\" src=\"http:\/\/plaquebiere.fr\/wp-content\/uploads\/2025\/05\/IMG_4054-1024x683.webp\" data-object-fit=\"cover\" srcset=\"http:\/\/plaquebiere.fr\/wp-content\/uploads\/2025\/05\/IMG_4054-1024x683.webp 1024w, http:\/\/plaquebiere.fr\/wp-content\/uploads\/2025\/05\/IMG_4054-300x200.webp 300w, http:\/\/plaquebiere.fr\/wp-content\/uploads\/2025\/05\/IMG_4054-768x512.webp 768w, http:\/\/plaquebiere.fr\/wp-content\/uploads\/2025\/05\/IMG_4054-1536x1024.webp 1536w, http:\/\/plaquebiere.fr\/wp-content\/uploads\/2025\/05\/IMG_4054-2048x1366.webp 2048w, http:\/\/plaquebiere.fr\/wp-content\/uploads\/2025\/05\/IMG_4054-18x12.webp 18w\" sizes=\"auto, (max-width: 1024px) 100vw, 1024px\" \/><span aria-hidden=\"true\" class=\"wp-block-cover__background has-custom-vert-1-background-color has-background-dim\"><\/span><div class=\"wp-block-cover__inner-container is-layout-flow wp-block-cover-is-layout-flow\">\n<h1 class=\"wp-block-heading has-text-align-center has-custom-beige-1-color has-text-color has-link-color wp-elements-8970564b7f2f8f4fc75223330af742ec\" style=\"font-size:clamp(46.987px, 2.937rem + ((1vw - 3.2px) * 4.689), 92px);\">Book a class<\/h1>\n<\/div><\/div>\n\n\n\n<div style=\"background-image:url(&apos;http:\/\/plaquebiere.fr\/wp-content\/uploads\/2025\/05\/Texture-25-min-1.png&apos;);background-size:cover;\" class=\"wp-block-group alignfull has-custom-vert-3-background-color has-background has-global-padding is-layout-constrained wp-block-group-is-layout-constrained\"><div class=\"yoast-breadcrumbs fil-ariane fil-ariane-gris\"><span><span><a href=\"http:\/\/plaquebiere.fr\/en\/\">Home<\/a><\/span> \u00bb <span class=\"breadcrumb_last\" aria-current=\"page\">Book a class<\/span><\/span><\/div><\/div>\n\n\n\n<div class=\"wp-block-group alignfull form-conteneur has-custom-vert-3-background-color has-background has-global-padding is-layout-constrained wp-block-group-is-layout-constrained\" style=\"padding-top:var(--wp--preset--spacing--10);padding-bottom:var(--wp--preset--spacing--10);background-image:url(&apos;http:\/\/plaquebiere.fr\/wp-content\/uploads\/2025\/05\/Texture-25-min-1.png&apos;);background-size:cover;\">\n<div class=\"wp-block-columns is-layout-flex wp-container-core-columns-is-layout-ba988a46 wp-block-columns-is-layout-flex\" style=\"padding-right:var(--wp--preset--spacing--10);padding-left:var(--wp--preset--spacing--10)\">\n<div class=\"wp-block-column home-calender has-border-color has-custom-orange-1-border-color has-custom-beige-1-background-color has-background is-layout-flow wp-container-core-column-is-layout-7110d36a wp-block-column-is-layout-flow\" style=\"border-width:4px;border-radius:10px;padding-top:var(--wp--preset--spacing--20);padding-bottom:var(--wp--preset--spacing--20);flex-basis:100%\">\n<h3 class=\"wp-block-heading has-text-align-center has-custom-vert-3-color has-text-color has-link-color wp-elements-6e5727db7a3d14dc952615774c6c36cf\" style=\"margin-bottom:var(--wp--preset--spacing--20)\">Our Calendar<\/h3>\n\n\n<p><iframe loading=\"lazy\" class=\"calender\" src=\"https:\/\/calendar.google.com\/calendar\/embed?src=d1b81dcabeea9754d6906b6e6064087e391e1a3ff3923ab88c67e6d73d3553e8%40group.calendar.google.com&#038;ctz=Europe%2FParis\" style=\"border: 0\" width=\"800\" height=\"500\" frameborder=\"0\" scrolling=\"no\"><\/iframe><\/p>\n<\/div>\n<\/div>\n\n\n\n<div class=\"wp-block-group alignwide main-form has-border-color has-custom-orange-1-border-color has-custom-beige-1-background-color has-background is-layout-flow wp-block-group-is-layout-flow\" style=\"border-width:4px;border-radius:10px;margin-top:var(--wp--preset--spacing--20);margin-bottom:var(--wp--preset--spacing--10);padding-top:var(--wp--preset--spacing--20);padding-right:var(--wp--preset--spacing--20);padding-bottom:var(--wp--preset--spacing--40);padding-left:var(--wp--preset--spacing--20);background-image:url(&apos;http:\/\/plaquebiere.fr\/wp-content\/uploads\/2025\/04\/texture.png&apos;);background-size:cover;\">\n<div class=\"wp-block-group form-info has-global-padding is-layout-constrained wp-block-group-is-layout-constrained\">\n<h2 class=\"wp-block-heading has-text-align-center has-custom-vert-3-color has-text-color has-link-color wp-elements-5a35709bc41c9ca73207dcdd9d8fbc89\" style=\"margin-top:var(--wp--preset--spacing--30);margin-bottom:var(--wp--preset--spacing--30);font-size:clamp(24.034px, 1.502rem + ((1vw - 3.2px) * 1.663), 40px);\">Booking form<\/h2>\n\n\n\n<p class=\"has-text-align-left has-custom-vert-3-color has-text-color has-link-color wp-elements-58540de44152a491142b197bf58138b9\" style=\"margin-bottom:var(--wp--preset--spacing--10)\">For all bookings, please fill in all fields of this form.<\/p>\n<\/div>\n\n\n\n<hr class=\"wp-block-separator has-text-color has-custom-vert-3-color has-alpha-channel-opacity has-custom-vert-3-background-color has-background is-style-wide\" style=\"margin-bottom:var(--wp--preset--spacing--20)\"\/>\n\n\n\n<div class=\"wpcf7 no-js\" id=\"wpcf7-f2520-o1\" lang=\"fr-FR\" dir=\"ltr\" data-wpcf7-id=\"2520\">\n<div class=\"screen-reader-response\"><p role=\"status\" aria-live=\"polite\" aria-atomic=\"true\"><\/p> <ul><\/ul><\/div>\n<form action=\"\/en\/wp-json\/wp\/v2\/pages\/98#wpcf7-f2520-o1\" method=\"post\" class=\"wpcf7-form init form-reservation\" aria-label=\"Contact form\" novalidate=\"novalidate\" data-status=\"init\" data-trp-original-action=\"\/en\/wp-json\/wp\/v2\/pages\/98#wpcf7-f2520-o1\">\n<fieldset class=\"hidden-fields-container\"><input type=\"hidden\" name=\"_wpcf7\" value=\"2520\" \/><input type=\"hidden\" name=\"_wpcf7_version\" value=\"6.1.5\" \/><input type=\"hidden\" name=\"_wpcf7_locale\" value=\"fr_FR\" \/><input type=\"hidden\" name=\"_wpcf7_unit_tag\" value=\"wpcf7-f2520-o1\" \/><input type=\"hidden\" name=\"_wpcf7_container_post\" value=\"0\" \/><input type=\"hidden\" name=\"_wpcf7_posted_data_hash\" value=\"\" \/>\n<\/fieldset>\n<p><label> Full name*<br \/>\n<span class=\"wpcf7-form-control-wrap\" data-name=\"nom\"><input size=\"40\" maxlength=\"400\" class=\"wpcf7-form-control wpcf7-text wpcf7-validates-as-required\" aria-required=\"true\" aria-invalid=\"false\" value=\"\" type=\"text\" name=\"nom\" \/><\/span><br \/>\n<\/label>\n<\/p>\n<p><label>Your phone number*<br \/>\n<span class=\"wpcf7-form-control-wrap\" data-name=\"telephone\"><input size=\"40\" maxlength=\"14\" class=\"wpcf7-form-control wpcf7-tel wpcf7-validates-as-required wpcf7-text wpcf7-validates-as-tel\" aria-required=\"true\" aria-invalid=\"false\" value=\"\" type=\"tel\" name=\"telephone\" \/><\/span><br \/>\n<\/label>\n<\/p>\n<p><label> Email address*<br \/>\n<span class=\"wpcf7-form-control-wrap\" data-name=\"email\"><input size=\"40\" maxlength=\"400\" class=\"wpcf7-form-control wpcf7-email wpcf7-validates-as-required wpcf7-text wpcf7-validates-as-email\" aria-required=\"true\" aria-invalid=\"false\" value=\"\" type=\"email\" name=\"email\" \/><\/span><br \/>\n<\/label>\n<\/p>\n<p><label> Workshop type*<br \/>\n<span class=\"wpcf7-form-control-wrap\" data-name=\"cours\"><select class=\"wpcf7-form-control wpcf7-select wpcf7-validates-as-required\" aria-required=\"true\" aria-invalid=\"false\" name=\"cours\"><option value=\"\">\u2014Please choose an option\u2014<\/option><option value=\"Poterie\">Pottery<\/option><option value=\"Acrylique\">Acrylic painting<\/option><option value=\"Aquarelle\">Watercolor<\/option><option value=\"Bougie\">Candle making<\/option><option value=\"Bijoux\">Jewelry<\/option><option value=\"Fleurs s\u00e9ch\u00e9es\">Dried flower<\/option><option value=\"Broderie\">Embroidery<\/option><option value=\"Crochet\">Crochet<\/option><\/select><\/span><br \/>\n<\/label>\n<\/p>\n<p><label> Preferred date*<br \/>\n<span class=\"wpcf7-form-control-wrap\" data-name=\"date-cours\"><input class=\"wpcf7-form-control wpcf7-date wpcf7-validates-as-required wpcf7-validates-as-date\" min=\"2026-04-04\" aria-required=\"true\" aria-invalid=\"false\" value=\"\" type=\"date\" name=\"date-cours\" \/><\/span><br \/>\n<\/label>\n<\/p>\n<p><label> Number of participants*<br \/>\n<span class=\"wpcf7-form-control-wrap\" data-name=\"participants\"><input class=\"wpcf7-form-control wpcf7-number wpcf7-validates-as-required wpcf7-validates-as-number\" min=\"1\" max=\"10\" aria-required=\"true\" aria-invalid=\"false\" value=\"\" type=\"number\" name=\"participants\" \/><\/span><br \/>\n<\/label>\n<\/p>\n<p><label> Message (optional)<br \/>\n<span class=\"wpcf7-form-control-wrap\" data-name=\"message\"><textarea cols=\"40\" rows=\"10\" maxlength=\"2000\" class=\"wpcf7-form-control wpcf7-textarea\" aria-invalid=\"false\" name=\"message\"><\/textarea><\/span><br \/>\n<\/label>\n<\/p>\n<p><label><br \/>\n<span class=\"wpcf7-form-control-wrap\" data-name=\"rgpd-consent\"><span class=\"wpcf7-form-control wpcf7-checkbox wpcf7-validates-as-required\"><span class=\"wpcf7-list-item first last\"><label><input type=\"checkbox\" name=\"rgpd-consent[]\" value=\"J&#039;accepte que mes donn\u00e9es soient utilis\u00e9es dans le cadre de cette r\u00e9servation. *\" \/><span class=\"wpcf7-list-item-label\">I accept that my data will be used as part of this booking.*<\/span><\/label><\/span><\/span><\/span><br \/>\n<\/label>\n<\/p>\n<p><input class=\"wpcf7-form-control wpcf7-submit has-spinner submit-btn\" type=\"submit\" value=\"Book a class\" \/>\n<\/p><div class=\"wpcf7-response-output\" aria-hidden=\"true\"><\/div>\n<input type=\"hidden\" name=\"trp-form-language\" value=\"en\"\/><\/form>\n<\/div>\n\n<\/div>\n<\/div>\n\n\n\n<figure class=\"wp-block-image alignleft size-large is-resized remonte-btn-big\"><img loading=\"lazy\" decoding=\"async\" width=\"1024\" height=\"1024\" src=\"http:\/\/plaquebiere.fr\/wp-content\/uploads\/2025\/06\/Bouton-remonter-1024x1024.png\" alt=\"\" class=\"wp-image-4040\" style=\"object-fit:cover;width:70px;height:70px\" srcset=\"http:\/\/plaquebiere.fr\/wp-content\/uploads\/2025\/06\/Bouton-remonter-1024x1024.png 1024w, http:\/\/plaquebiere.fr\/wp-content\/uploads\/2025\/06\/Bouton-remonter-300x300.png 300w, http:\/\/plaquebiere.fr\/wp-content\/uploads\/2025\/06\/Bouton-remonter-150x150.png 150w, http:\/\/plaquebiere.fr\/wp-content\/uploads\/2025\/06\/Bouton-remonter-768x769.png 768w, http:\/\/plaquebiere.fr\/wp-content\/uploads\/2025\/06\/Bouton-remonter-12x12.png 12w, http:\/\/plaquebiere.fr\/wp-content\/uploads\/2025\/06\/Bouton-remonter.png 1194w\" sizes=\"auto, (max-width: 1024px) 100vw, 1024px\" \/><\/figure>\n\n\n\n<figure class=\"wp-block-image size-large is-resized btn-faq-float\"><a href=\"http:\/\/plaquebiere.fr\/en\/faq\/\"><img loading=\"lazy\" decoding=\"async\" width=\"997\" height=\"1024\" src=\"http:\/\/plaquebiere.fr\/wp-content\/uploads\/2025\/06\/Bouton-faq-997x1024.png\" alt=\"\" class=\"wp-image-4086\" style=\"object-fit:cover;width:70px;height:70px\" srcset=\"http:\/\/plaquebiere.fr\/wp-content\/uploads\/2025\/06\/Bouton-faq-997x1024.png 997w, http:\/\/plaquebiere.fr\/wp-content\/uploads\/2025\/06\/Bouton-faq-292x300.png 292w, http:\/\/plaquebiere.fr\/wp-content\/uploads\/2025\/06\/Bouton-faq-768x789.png 768w, http:\/\/plaquebiere.fr\/wp-content\/uploads\/2025\/06\/Bouton-faq-12x12.png 12w, http:\/\/plaquebiere.fr\/wp-content\/uploads\/2025\/06\/Bouton-faq.png 1194w\" sizes=\"auto, (max-width: 997px) 100vw, 997px\" \/><\/a><\/figure>","protected":false},"excerpt":{"rendered":"<p>Notre Calendrier Formulaire de r\u00e9servation Pour toutes r\u00e9servations, merci de remplir tous les champs de ce formulaire.<\/p>","protected":false},"author":3,"featured_media":0,"parent":0,"menu_order":0,"comment_status":"closed","ping_status":"closed","template":"","meta":{"footnotes":""},"class_list":["post-98","page","type-page","status-publish","hentry"],"yoast_head":"<!-- This site is optimized with the Yoast SEO plugin v27.3 - https:\/\/yoast.com\/product\/yoast-seo-wordpress\/ -->\n<title>R\u00e9server - Plaquebi\u00e8re<\/title>\n<meta name=\"description\" content=\"Choisissez votre atelier et r\u00e9servez en ligne : poterie, aquarelle, bougies, crochet\u2026 \u00e0 Strasbourg, chez Plaquebi\u00e8re.\" \/>\n<meta name=\"robots\" content=\"index, follow, max-snippet:-1, max-image-preview:large, max-video-preview:-1\" \/>\n<link rel=\"canonical\" href=\"http:\/\/plaquebiere.fr\/en\/reserver\/\" \/>\n<meta property=\"og:locale\" content=\"en_US\" \/>\n<meta property=\"og:type\" content=\"article\" \/>\n<meta property=\"og:title\" content=\"R\u00e9server - Plaquebi\u00e8re\" \/>\n<meta property=\"og:description\" content=\"Choisissez votre atelier et r\u00e9servez en ligne : poterie, aquarelle, bougies, crochet\u2026 \u00e0 Strasbourg, chez Plaquebi\u00e8re.\" \/>\n<meta property=\"og:url\" content=\"http:\/\/plaquebiere.fr\/en\/reserver\/\" \/>\n<meta property=\"og:site_name\" content=\"Plaquebi\u00e8re\" \/>\n<meta property=\"article:modified_time\" content=\"2025-06-02T20:47:49+00:00\" \/>\n<meta property=\"og:image\" content=\"http:\/\/plaquebiere.fr\/wp-content\/uploads\/2025\/05\/IMG_4054-1024x683.webp\" \/>\n<meta name=\"twitter:card\" content=\"summary_large_image\" \/>\n<meta name=\"twitter:label1\" content=\"Est. reading time\" \/>\n\t<meta name=\"twitter:data1\" content=\"1 minute\" \/>\n<script type=\"application\/ld+json\" class=\"yoast-schema-graph\">{\"@context\":\"https:\\\/\\\/schema.org\",\"@graph\":[{\"@type\":\"WebPage\",\"@id\":\"http:\\\/\\\/plaquebiere.fr\\\/reserver\\\/\",\"url\":\"http:\\\/\\\/plaquebiere.fr\\\/reserver\\\/\",\"name\":\"R\u00e9server - Plaquebi\u00e8re\",\"isPartOf\":{\"@id\":\"http:\\\/\\\/plaquebiere.fr\\\/en\\\/#website\"},\"primaryImageOfPage\":{\"@id\":\"http:\\\/\\\/plaquebiere.fr\\\/reserver\\\/#primaryimage\"},\"image\":{\"@id\":\"http:\\\/\\\/plaquebiere.fr\\\/reserver\\\/#primaryimage\"},\"thumbnailUrl\":\"http:\\\/\\\/plaquebiere.fr\\\/wp-content\\\/uploads\\\/2025\\\/05\\\/IMG_4054-1024x683.webp\",\"datePublished\":\"2025-04-02T16:48:09+00:00\",\"dateModified\":\"2025-06-02T20:47:49+00:00\",\"description\":\"Choisissez votre atelier et r\u00e9servez en ligne : poterie, aquarelle, bougies, crochet\u2026 \u00e0 Strasbourg, chez Plaquebi\u00e8re.\",\"breadcrumb\":{\"@id\":\"http:\\\/\\\/plaquebiere.fr\\\/reserver\\\/#breadcrumb\"},\"inLanguage\":\"en-US\",\"potentialAction\":[{\"@type\":\"ReadAction\",\"target\":[\"http:\\\/\\\/plaquebiere.fr\\\/reserver\\\/\"]}]},{\"@type\":\"ImageObject\",\"inLanguage\":\"en-US\",\"@id\":\"http:\\\/\\\/plaquebiere.fr\\\/reserver\\\/#primaryimage\",\"url\":\"http:\\\/\\\/plaquebiere.fr\\\/wp-content\\\/uploads\\\/2025\\\/05\\\/IMG_4054-1024x683.webp\",\"contentUrl\":\"http:\\\/\\\/plaquebiere.fr\\\/wp-content\\\/uploads\\\/2025\\\/05\\\/IMG_4054-1024x683.webp\"},{\"@type\":\"BreadcrumbList\",\"@id\":\"http:\\\/\\\/plaquebiere.fr\\\/reserver\\\/#breadcrumb\",\"itemListElement\":[{\"@type\":\"ListItem\",\"position\":1,\"name\":\"Accueil\",\"item\":\"http:\\\/\\\/plaquebiere.fr\\\/en\\\/\"},{\"@type\":\"ListItem\",\"position\":2,\"name\":\"R\u00e9server\"}]},{\"@type\":\"WebSite\",\"@id\":\"http:\\\/\\\/plaquebiere.fr\\\/en\\\/#website\",\"url\":\"http:\\\/\\\/plaquebiere.fr\\\/en\\\/\",\"name\":\"Plaquebi\u00e8re\",\"description\":\"Atelier d&#039;art\",\"publisher\":{\"@id\":\"http:\\\/\\\/plaquebiere.fr\\\/en\\\/#organization\"},\"potentialAction\":[{\"@type\":\"SearchAction\",\"target\":{\"@type\":\"EntryPoint\",\"urlTemplate\":\"http:\\\/\\\/plaquebiere.fr\\\/en\\\/?s={search_term_string}\"},\"query-input\":{\"@type\":\"PropertyValueSpecification\",\"valueRequired\":true,\"valueName\":\"search_term_string\"}}],\"inLanguage\":\"en-US\"},{\"@type\":\"Organization\",\"@id\":\"http:\\\/\\\/plaquebiere.fr\\\/en\\\/#organization\",\"name\":\"Plaquebi\u00e8re\",\"url\":\"http:\\\/\\\/plaquebiere.fr\\\/en\\\/\",\"logo\":{\"@type\":\"ImageObject\",\"inLanguage\":\"en-US\",\"@id\":\"http:\\\/\\\/plaquebiere.fr\\\/en\\\/#\\\/schema\\\/logo\\\/image\\\/\",\"url\":\"http:\\\/\\\/plaquebiere.fr\\\/wp-content\\\/uploads\\\/2024\\\/10\\\/Logo-BEIGE-1.png\",\"contentUrl\":\"http:\\\/\\\/plaquebiere.fr\\\/wp-content\\\/uploads\\\/2024\\\/10\\\/Logo-BEIGE-1.png\",\"width\":500,\"height\":500,\"caption\":\"Plaquebi\u00e8re\"},\"image\":{\"@id\":\"http:\\\/\\\/plaquebiere.fr\\\/en\\\/#\\\/schema\\\/logo\\\/image\\\/\"}}]}<\/script>\n<!-- \/ Yoast SEO plugin. -->","yoast_head_json":{"title":"R\u00e9server - Plaquebi\u00e8re","description":"Choisissez votre atelier et r\u00e9servez en ligne : poterie, aquarelle, bougies, crochet\u2026 \u00e0 Strasbourg, chez Plaquebi\u00e8re.","robots":{"index":"index","follow":"follow","max-snippet":"max-snippet:-1","max-image-preview":"max-image-preview:large","max-video-preview":"max-video-preview:-1"},"canonical":"http:\/\/plaquebiere.fr\/en\/reserver\/","og_locale":"en_US","og_type":"article","og_title":"R\u00e9server - Plaquebi\u00e8re","og_description":"Choisissez votre atelier et r\u00e9servez en ligne : poterie, aquarelle, bougies, crochet\u2026 \u00e0 Strasbourg, chez Plaquebi\u00e8re.","og_url":"http:\/\/plaquebiere.fr\/en\/reserver\/","og_site_name":"Plaquebi\u00e8re","article_modified_time":"2025-06-02T20:47:49+00:00","og_image":[{"url":"http:\/\/plaquebiere.fr\/wp-content\/uploads\/2025\/05\/IMG_4054-1024x683.webp","type":"","width":"","height":""}],"twitter_card":"summary_large_image","twitter_misc":{"Est. reading time":"1 minute"},"schema":{"@context":"https:\/\/schema.org","@graph":[{"@type":"WebPage","@id":"http:\/\/plaquebiere.fr\/reserver\/","url":"http:\/\/plaquebiere.fr\/reserver\/","name":"R\u00e9server - Plaquebi\u00e8re","isPartOf":{"@id":"http:\/\/plaquebiere.fr\/en\/#website"},"primaryImageOfPage":{"@id":"http:\/\/plaquebiere.fr\/reserver\/#primaryimage"},"image":{"@id":"http:\/\/plaquebiere.fr\/reserver\/#primaryimage"},"thumbnailUrl":"http:\/\/plaquebiere.fr\/wp-content\/uploads\/2025\/05\/IMG_4054-1024x683.webp","datePublished":"2025-04-02T16:48:09+00:00","dateModified":"2025-06-02T20:47:49+00:00","description":"Choisissez votre atelier et r\u00e9servez en ligne : poterie, aquarelle, bougies, crochet\u2026 \u00e0 Strasbourg, chez Plaquebi\u00e8re.","breadcrumb":{"@id":"http:\/\/plaquebiere.fr\/reserver\/#breadcrumb"},"inLanguage":"en-US","potentialAction":[{"@type":"ReadAction","target":["http:\/\/plaquebiere.fr\/reserver\/"]}]},{"@type":"ImageObject","inLanguage":"en-US","@id":"http:\/\/plaquebiere.fr\/reserver\/#primaryimage","url":"http:\/\/plaquebiere.fr\/wp-content\/uploads\/2025\/05\/IMG_4054-1024x683.webp","contentUrl":"http:\/\/plaquebiere.fr\/wp-content\/uploads\/2025\/05\/IMG_4054-1024x683.webp"},{"@type":"BreadcrumbList","@id":"http:\/\/plaquebiere.fr\/reserver\/#breadcrumb","itemListElement":[{"@type":"ListItem","position":1,"name":"Accueil","item":"http:\/\/plaquebiere.fr\/en\/"},{"@type":"ListItem","position":2,"name":"R\u00e9server"}]},{"@type":"WebSite","@id":"http:\/\/plaquebiere.fr\/en\/#website","url":"http:\/\/plaquebiere.fr\/en\/","name":"Plaquebi\u00e8re","description":"Atelier d&#039;art","publisher":{"@id":"http:\/\/plaquebiere.fr\/en\/#organization"},"potentialAction":[{"@type":"SearchAction","target":{"@type":"EntryPoint","urlTemplate":"http:\/\/plaquebiere.fr\/en\/?s={search_term_string}"},"query-input":{"@type":"PropertyValueSpecification","valueRequired":true,"valueName":"search_term_string"}}],"inLanguage":"en-US"},{"@type":"Organization","@id":"http:\/\/plaquebiere.fr\/en\/#organization","name":"Plaquebi\u00e8re","url":"http:\/\/plaquebiere.fr\/en\/","logo":{"@type":"ImageObject","inLanguage":"en-US","@id":"http:\/\/plaquebiere.fr\/en\/#\/schema\/logo\/image\/","url":"http:\/\/plaquebiere.fr\/wp-content\/uploads\/2024\/10\/Logo-BEIGE-1.png","contentUrl":"http:\/\/plaquebiere.fr\/wp-content\/uploads\/2024\/10\/Logo-BEIGE-1.png","width":500,"height":500,"caption":"Plaquebi\u00e8re"},"image":{"@id":"http:\/\/plaquebiere.fr\/en\/#\/schema\/logo\/image\/"}}]}},"jetpack_sharing_enabled":true,"_links":{"self":[{"href":"http:\/\/plaquebiere.fr\/en\/wp-json\/wp\/v2\/pages\/98","targetHints":{"allow":["GET"]}}],"collection":[{"href":"http:\/\/plaquebiere.fr\/en\/wp-json\/wp\/v2\/pages"}],"about":[{"href":"http:\/\/plaquebiere.fr\/en\/wp-json\/wp\/v2\/types\/page"}],"author":[{"embeddable":true,"href":"http:\/\/plaquebiere.fr\/en\/wp-json\/wp\/v2\/users\/3"}],"replies":[{"embeddable":true,"href":"http:\/\/plaquebiere.fr\/en\/wp-json\/wp\/v2\/comments?post=98"}],"version-history":[{"count":81,"href":"http:\/\/plaquebiere.fr\/en\/wp-json\/wp\/v2\/pages\/98\/revisions"}],"predecessor-version":[{"id":4104,"href":"http:\/\/plaquebiere.fr\/en\/wp-json\/wp\/v2\/pages\/98\/revisions\/4104"}],"wp:attachment":[{"href":"http:\/\/plaquebiere.fr\/en\/wp-json\/wp\/v2\/media?parent=98"}],"curies":[{"name":"wp","href":"https:\/\/api.w.org\/{rel}","templated":true}]}}