
{"id":2266,"date":"2025-05-09T21:34:18","date_gmt":"2025-05-09T19:34:18","guid":{"rendered":"http:\/\/plaquebiere.fr\/?page_id=2266"},"modified":"2025-06-02T22:56:44","modified_gmt":"2025-06-02T20:56:44","slug":"mentions-legales","status":"publish","type":"page","link":"http:\/\/plaquebiere.fr\/en\/mentions-legales\/","title":{"rendered":"Mentions legales"},"content":{"rendered":"<div class=\"wp-block-group alignwide is-layout-flow wp-block-group-is-layout-flow\">\n<div style=\"height:100px\" aria-hidden=\"true\" class=\"wp-block-spacer\"><\/div>\n\n\n\n<div style=\"height:100px\" aria-hidden=\"true\" class=\"wp-block-spacer\"><\/div>\n\n\n\n<h1 class=\"wp-block-heading has-text-align-center\" style=\"margin-top:0;margin-bottom:var(--wp--preset--spacing--10)\">Legal Notice<\/h1>\n\n\n\n<p class=\"has-montserrat-font-family\">In accordance with Articles 6-III and 19 of French Law No. 2004-575 of June 21, 2004, for Confidence in the Digital Economy (LCEN), users of the website plaquebiere.fr are hereby informed of the following legal details.<br><\/p>\n\n\n\n<div class=\"wp-block-group is-layout-flow wp-block-group-is-layout-flow\">\n<h2 class=\"wp-block-heading\">1. Website Publisher<br><\/h2>\n\n\n\n<p>Association name: Plaquebi\u00e8re<\/p>\n\n\n\n<p>Legal status: Non-profit association under the French law of 1901<\/p>\n\n\n\n<p>Head office address: 2 RUE DE ROME, 67000 STRASBOURG, France<\/p>\n\n\n\n<p>SIRET number: 930 942 768 00019<\/p>\n\n\n\n<p>Email: contact@plaquebiere.fr<\/p>\n\n\n\n<p>Publication directors: Arsenii Melikhov and Anastasiia Pliuscheva, co-founders of the association.<br><\/p>\n<\/div>\n\n\n\n<div class=\"wp-block-group is-layout-flow wp-block-group-is-layout-flow\">\n<h2 class=\"wp-block-heading\">2. Website Hosting<\/h2>\n\n\n\n<p>Host : Infomaniak&nbsp;<\/p>\n\n\n\n<p>Address :<strong>&nbsp;<\/strong> Rue Eug\u00e8ne-Marziano 25, 1227 Gen\u00e8ve, Suisse<\/p>\n\n\n\n<p><a href=\"https:\/\/www.infomaniak.com\/fr\">Site web<br><\/a><\/p>\n\n\n\n<p><\/p>\n<\/div>\n\n\n\n<div class=\"wp-block-group is-layout-flow wp-block-group-is-layout-flow\">\n<h2 class=\"wp-block-heading\">3. Intellectual Property<br><\/h2>\n\n\n\n<p>All content on this site (texts, images, videos, graphics, logo, etc.) is protected by intellectual property laws and remains the exclusive property of the Plaquebi\u00e8re association, unless otherwise stated.<\/p>\n\n\n\n<p>Any reproduction, distribution, modification, adaptation, retransmission, or publication, even partial, of these elements is strictly prohibited without the prior written consent of the association.<\/p>\n\n\n\n<p>All content on this site (texts, images, videos, graphics, logo, etc.) is protected by intellectual property laws and remains the exclusive property of the Plaquebi\u00e8re association, unless otherwise stated.<\/p>\n\n\n\n<p>Toute reproduction, distribution, modification, adaptation, retransmission ou publication, m\u00eame partielle, de ces diff\u00e9rents \u00e9l\u00e9ments est strictement interdite sans l\u2019autorisation \u00e9crite pr\u00e9alable de l\u2019association.Le site plaquebiere.fr peut collecter certaines donn\u00e9es personnelles via ses formulaires de contact ou d\u2019inscription. Ces donn\u00e9es sont trait\u00e9es uniquement par l\u2019association Plaquebi\u00e8re \u00e0 des fins de communication ou d\u2019organisation d\u2019\u00e9v\u00e9nements.<\/p>\n\n\n\n<p>In accordance with the General Data Protection Regulation (GDPR), you have the right to access, rectify, delete, or object to the processing of your personal data. You can exercise this right by contacting us at: contact@plaquebiere.fr.<\/p>\n<\/div>\n\n\n\n<div class=\"wp-block-group is-layout-flow wp-block-group-is-layout-flow\">\n<h2 class=\"wp-block-heading\">4. Personal Data<\/h2>\n\n\n\n<p>The plaquebiere.fr website may collect certain personal data through its contact or registration forms. This data is processed solely by the Plaquebi\u00e8re association for communication and event organization purposes.<br><\/p>\n\n\n\n<p>In accordance with the General Data Protection Regulation (GDPR), you have the right to access, rectify, delete, or object to the processing of your personal data. You can exercise this right by contacting us at: contact@plaquebiere.fr.<br><\/p>\n<\/div>\n\n\n\n<div class=\"wp-block-group is-layout-flow wp-block-group-is-layout-flow\">\n<h2 class=\"wp-block-heading\">5. Cookies<\/h2>\n\n\n\n<p>This site may use cookies to enhance navigation, measure audience traffic, or activate certain features. By browsing this site, you agree to the use of cookies in accordance with our privacy policy. You can change your cookie preferences at any time via your browser settings.<\/p>\n<\/div>\n\n\n\n<div class=\"wp-block-group is-layout-flow wp-block-group-is-layout-flow\">\n<h2 class=\"wp-block-heading\">6. Liability<\/h2>\n\n\n\n<p>Plaquebi\u00e8re strives to provide the most accurate and up-to-date information possible on this site. However, it cannot be held responsible for omissions, inaccuracies, or deficiencies in updates, whether caused by itself or by third-party partners.<br><\/p>\n<\/div>\n\n\n\n<div class=\"wp-block-group is-layout-flow wp-block-group-is-layout-flow\">\n<h2 class=\"wp-block-heading\">7. Website Creation as Part of a University Project<br><\/h2>\n\n\n\n<p>The creation of this website was carried out as part of a university project by students from the CAWEB (Multilingual Web Communication) program at the University of Strasbourg.&nbsp;<br><\/p>\n\n\n\n<p><a href=\"https:\/\/www.linkedin.com\/in\/no%C3%A9mie-andr%C3%A9-283948323\/\"><strong>No\u00e9mie ANDRE<\/strong><\/a>, <a href=\"http:\/\/www.linkedin.com\/in\/ambercapell\"><strong>Amber CAPELL<\/strong><\/a>, <a href=\"https:\/\/www.linkedin.com\/in\/mariaf-juarez\/\"><strong>Maria JUAREZ<\/strong><\/a> and <a href=\"https:\/\/www.linkedin.com\/in\/matairea-laufatte-412ab5326\/\"><strong>Matairea LAUFATTE<\/strong><\/a> ont travaill\u00e9 en collaboration avec l\u2019association Plaquebi\u00e8re pour concevoir et d\u00e9velopper ce site.<br><\/p>\n\n\n\n<figure class=\"wp-block-image alignleft size-large is-resized remonte-btn-big\"><img loading=\"lazy\" decoding=\"async\" width=\"1024\" height=\"1024\" src=\"http:\/\/plaquebiere.fr\/wp-content\/uploads\/2025\/06\/Bouton-remonter-1024x1024.png\" alt=\"\" class=\"wp-image-4040\" style=\"object-fit:cover;width:70px;height:70px\" srcset=\"http:\/\/plaquebiere.fr\/wp-content\/uploads\/2025\/06\/Bouton-remonter-1024x1024.png 1024w, http:\/\/plaquebiere.fr\/wp-content\/uploads\/2025\/06\/Bouton-remonter-300x300.png 300w, http:\/\/plaquebiere.fr\/wp-content\/uploads\/2025\/06\/Bouton-remonter-150x150.png 150w, http:\/\/plaquebiere.fr\/wp-content\/uploads\/2025\/06\/Bouton-remonter-768x769.png 768w, http:\/\/plaquebiere.fr\/wp-content\/uploads\/2025\/06\/Bouton-remonter-12x12.png 12w, http:\/\/plaquebiere.fr\/wp-content\/uploads\/2025\/06\/Bouton-remonter.png 1194w\" sizes=\"auto, (max-width: 1024px) 100vw, 1024px\" \/><\/figure>\n<\/div>\n<\/div>\n\n\n\n<p><\/p>","protected":false},"excerpt":{"rendered":"<p>Mentions l\u00e9gales Conform\u00e9ment aux dispositions des articles 6-III et 19 de la Loi n\u00b02004-575 du 21 juin 2004 pour la confiance dans l\u2019\u00e9conomie num\u00e9rique (LCEN), il est port\u00e9 \u00e0 la connaissance des utilisateurs du site plaquebiere.fr les pr\u00e9sentes mentions l\u00e9gales. 1. \u00c9diteur du site Nom de l\u2019association : Plaquebi\u00e8re Forme juridique : Association loi 1901 [&hellip;]<\/p>\n","protected":false},"author":3,"featured_media":0,"parent":0,"menu_order":0,"comment_status":"closed","ping_status":"closed","template":"","meta":{"footnotes":""},"class_list":["post-2266","page","type-page","status-publish","hentry"],"yoast_head":"<!-- This site is optimized with the Yoast SEO plugin v27.3 - https:\/\/yoast.com\/product\/yoast-seo-wordpress\/ -->\n<title>Mentions legales - Plaquebi\u00e8re<\/title>\n<meta name=\"robots\" content=\"noindex, follow\" \/>\n<meta property=\"og:locale\" content=\"en_US\" \/>\n<meta property=\"og:type\" content=\"article\" \/>\n<meta property=\"og:title\" content=\"Mentions legales - Plaquebi\u00e8re\" \/>\n<meta property=\"og:description\" content=\"Mentions l\u00e9gales Conform\u00e9ment aux dispositions des articles 6-III et 19 de la Loi n\u00b02004-575 du 21 juin 2004 pour la confiance dans l\u2019\u00e9conomie num\u00e9rique (LCEN), il est port\u00e9 \u00e0 la connaissance des utilisateurs du site plaquebiere.fr les pr\u00e9sentes mentions l\u00e9gales. 1. \u00c9diteur du site Nom de l\u2019association : Plaquebi\u00e8re Forme juridique : Association loi 1901 [&hellip;]\" \/>\n<meta property=\"og:url\" content=\"http:\/\/plaquebiere.fr\/en\/mentions-legales\/\" \/>\n<meta property=\"og:site_name\" content=\"Plaquebi\u00e8re\" \/>\n<meta property=\"article:modified_time\" content=\"2025-06-02T20:56:44+00:00\" \/>\n<meta property=\"og:image\" content=\"http:\/\/plaquebiere.fr\/wp-content\/uploads\/2025\/06\/Bouton-remonter-1024x1024.png\" \/>\n<meta name=\"twitter:card\" content=\"summary_large_image\" \/>\n<meta name=\"twitter:label1\" content=\"Est. reading time\" \/>\n\t<meta name=\"twitter:data1\" content=\"3 minutes\" \/>\n<script type=\"application\/ld+json\" class=\"yoast-schema-graph\">{\"@context\":\"https:\\\/\\\/schema.org\",\"@graph\":[{\"@type\":\"WebPage\",\"@id\":\"http:\\\/\\\/plaquebiere.fr\\\/en\\\/mentions-legales\\\/\",\"url\":\"http:\\\/\\\/plaquebiere.fr\\\/en\\\/mentions-legales\\\/\",\"name\":\"Mentions legales - Plaquebi\u00e8re\",\"isPartOf\":{\"@id\":\"http:\\\/\\\/plaquebiere.fr\\\/#website\"},\"primaryImageOfPage\":{\"@id\":\"http:\\\/\\\/plaquebiere.fr\\\/en\\\/mentions-legales\\\/#primaryimage\"},\"image\":{\"@id\":\"http:\\\/\\\/plaquebiere.fr\\\/en\\\/mentions-legales\\\/#primaryimage\"},\"thumbnailUrl\":\"http:\\\/\\\/plaquebiere.fr\\\/wp-content\\\/uploads\\\/2025\\\/06\\\/Bouton-remonter-1024x1024.png\",\"datePublished\":\"2025-05-09T19:34:18+00:00\",\"dateModified\":\"2025-06-02T20:56:44+00:00\",\"breadcrumb\":{\"@id\":\"http:\\\/\\\/plaquebiere.fr\\\/en\\\/mentions-legales\\\/#breadcrumb\"},\"inLanguage\":\"en-US\",\"potentialAction\":[{\"@type\":\"ReadAction\",\"target\":[\"http:\\\/\\\/plaquebiere.fr\\\/en\\\/mentions-legales\\\/\"]}]},{\"@type\":\"ImageObject\",\"inLanguage\":\"en-US\",\"@id\":\"http:\\\/\\\/plaquebiere.fr\\\/en\\\/mentions-legales\\\/#primaryimage\",\"url\":\"http:\\\/\\\/plaquebiere.fr\\\/wp-content\\\/uploads\\\/2025\\\/06\\\/Bouton-remonter-1024x1024.png\",\"contentUrl\":\"http:\\\/\\\/plaquebiere.fr\\\/wp-content\\\/uploads\\\/2025\\\/06\\\/Bouton-remonter-1024x1024.png\"},{\"@type\":\"BreadcrumbList\",\"@id\":\"http:\\\/\\\/plaquebiere.fr\\\/en\\\/mentions-legales\\\/#breadcrumb\",\"itemListElement\":[{\"@type\":\"ListItem\",\"position\":1,\"name\":\"Accueil\",\"item\":\"http:\\\/\\\/plaquebiere.fr\\\/\"},{\"@type\":\"ListItem\",\"position\":2,\"name\":\"Mentions legales\"}]},{\"@type\":\"WebSite\",\"@id\":\"http:\\\/\\\/plaquebiere.fr\\\/#website\",\"url\":\"http:\\\/\\\/plaquebiere.fr\\\/\",\"name\":\"Plaquebi\u00e8re\",\"description\":\"Atelier d&#039;art\",\"publisher\":{\"@id\":\"http:\\\/\\\/plaquebiere.fr\\\/#organization\"},\"potentialAction\":[{\"@type\":\"SearchAction\",\"target\":{\"@type\":\"EntryPoint\",\"urlTemplate\":\"http:\\\/\\\/plaquebiere.fr\\\/?s={search_term_string}\"},\"query-input\":{\"@type\":\"PropertyValueSpecification\",\"valueRequired\":true,\"valueName\":\"search_term_string\"}}],\"inLanguage\":\"en-US\"},{\"@type\":\"Organization\",\"@id\":\"http:\\\/\\\/plaquebiere.fr\\\/#organization\",\"name\":\"Plaquebi\u00e8re\",\"url\":\"http:\\\/\\\/plaquebiere.fr\\\/\",\"logo\":{\"@type\":\"ImageObject\",\"inLanguage\":\"en-US\",\"@id\":\"http:\\\/\\\/plaquebiere.fr\\\/#\\\/schema\\\/logo\\\/image\\\/\",\"url\":\"http:\\\/\\\/plaquebiere.fr\\\/wp-content\\\/uploads\\\/2024\\\/10\\\/Logo-BEIGE-1.png\",\"contentUrl\":\"http:\\\/\\\/plaquebiere.fr\\\/wp-content\\\/uploads\\\/2024\\\/10\\\/Logo-BEIGE-1.png\",\"width\":500,\"height\":500,\"caption\":\"Plaquebi\u00e8re\"},\"image\":{\"@id\":\"http:\\\/\\\/plaquebiere.fr\\\/#\\\/schema\\\/logo\\\/image\\\/\"}}]}<\/script>\n<!-- \/ Yoast SEO plugin. -->","yoast_head_json":{"title":"Mentions legales - Plaquebi\u00e8re","robots":{"index":"noindex","follow":"follow"},"og_locale":"en_US","og_type":"article","og_title":"Mentions legales - Plaquebi\u00e8re","og_description":"Mentions l\u00e9gales Conform\u00e9ment aux dispositions des articles 6-III et 19 de la Loi n\u00b02004-575 du 21 juin 2004 pour la confiance dans l\u2019\u00e9conomie num\u00e9rique (LCEN), il est port\u00e9 \u00e0 la connaissance des utilisateurs du site plaquebiere.fr les pr\u00e9sentes mentions l\u00e9gales. 1. \u00c9diteur du site Nom de l\u2019association : Plaquebi\u00e8re Forme juridique : Association loi 1901 [&hellip;]","og_url":"http:\/\/plaquebiere.fr\/en\/mentions-legales\/","og_site_name":"Plaquebi\u00e8re","article_modified_time":"2025-06-02T20:56:44+00:00","og_image":[{"url":"http:\/\/plaquebiere.fr\/wp-content\/uploads\/2025\/06\/Bouton-remonter-1024x1024.png","type":"","width":"","height":""}],"twitter_card":"summary_large_image","twitter_misc":{"Est. reading time":"3 minutes"},"schema":{"@context":"https:\/\/schema.org","@graph":[{"@type":"WebPage","@id":"http:\/\/plaquebiere.fr\/en\/mentions-legales\/","url":"http:\/\/plaquebiere.fr\/en\/mentions-legales\/","name":"Mentions legales - Plaquebi\u00e8re","isPartOf":{"@id":"http:\/\/plaquebiere.fr\/#website"},"primaryImageOfPage":{"@id":"http:\/\/plaquebiere.fr\/en\/mentions-legales\/#primaryimage"},"image":{"@id":"http:\/\/plaquebiere.fr\/en\/mentions-legales\/#primaryimage"},"thumbnailUrl":"http:\/\/plaquebiere.fr\/wp-content\/uploads\/2025\/06\/Bouton-remonter-1024x1024.png","datePublished":"2025-05-09T19:34:18+00:00","dateModified":"2025-06-02T20:56:44+00:00","breadcrumb":{"@id":"http:\/\/plaquebiere.fr\/en\/mentions-legales\/#breadcrumb"},"inLanguage":"en-US","potentialAction":[{"@type":"ReadAction","target":["http:\/\/plaquebiere.fr\/en\/mentions-legales\/"]}]},{"@type":"ImageObject","inLanguage":"en-US","@id":"http:\/\/plaquebiere.fr\/en\/mentions-legales\/#primaryimage","url":"http:\/\/plaquebiere.fr\/wp-content\/uploads\/2025\/06\/Bouton-remonter-1024x1024.png","contentUrl":"http:\/\/plaquebiere.fr\/wp-content\/uploads\/2025\/06\/Bouton-remonter-1024x1024.png"},{"@type":"BreadcrumbList","@id":"http:\/\/plaquebiere.fr\/en\/mentions-legales\/#breadcrumb","itemListElement":[{"@type":"ListItem","position":1,"name":"Accueil","item":"http:\/\/plaquebiere.fr\/"},{"@type":"ListItem","position":2,"name":"Mentions legales"}]},{"@type":"WebSite","@id":"http:\/\/plaquebiere.fr\/#website","url":"http:\/\/plaquebiere.fr\/","name":"Plaquebi\u00e8re","description":"Atelier d&#039;art","publisher":{"@id":"http:\/\/plaquebiere.fr\/#organization"},"potentialAction":[{"@type":"SearchAction","target":{"@type":"EntryPoint","urlTemplate":"http:\/\/plaquebiere.fr\/?s={search_term_string}"},"query-input":{"@type":"PropertyValueSpecification","valueRequired":true,"valueName":"search_term_string"}}],"inLanguage":"en-US"},{"@type":"Organization","@id":"http:\/\/plaquebiere.fr\/#organization","name":"Plaquebi\u00e8re","url":"http:\/\/plaquebiere.fr\/","logo":{"@type":"ImageObject","inLanguage":"en-US","@id":"http:\/\/plaquebiere.fr\/#\/schema\/logo\/image\/","url":"http:\/\/plaquebiere.fr\/wp-content\/uploads\/2024\/10\/Logo-BEIGE-1.png","contentUrl":"http:\/\/plaquebiere.fr\/wp-content\/uploads\/2024\/10\/Logo-BEIGE-1.png","width":500,"height":500,"caption":"Plaquebi\u00e8re"},"image":{"@id":"http:\/\/plaquebiere.fr\/#\/schema\/logo\/image\/"}}]}},"jetpack_sharing_enabled":true,"_links":{"self":[{"href":"http:\/\/plaquebiere.fr\/en\/wp-json\/wp\/v2\/pages\/2266","targetHints":{"allow":["GET"]}}],"collection":[{"href":"http:\/\/plaquebiere.fr\/en\/wp-json\/wp\/v2\/pages"}],"about":[{"href":"http:\/\/plaquebiere.fr\/en\/wp-json\/wp\/v2\/types\/page"}],"author":[{"embeddable":true,"href":"http:\/\/plaquebiere.fr\/en\/wp-json\/wp\/v2\/users\/3"}],"replies":[{"embeddable":true,"href":"http:\/\/plaquebiere.fr\/en\/wp-json\/wp\/v2\/comments?post=2266"}],"version-history":[{"count":11,"href":"http:\/\/plaquebiere.fr\/en\/wp-json\/wp\/v2\/pages\/2266\/revisions"}],"predecessor-version":[{"id":4107,"href":"http:\/\/plaquebiere.fr\/en\/wp-json\/wp\/v2\/pages\/2266\/revisions\/4107"}],"wp:attachment":[{"href":"http:\/\/plaquebiere.fr\/en\/wp-json\/wp\/v2\/media?parent=2266"}],"curies":[{"name":"wp","href":"https:\/\/api.w.org\/{rel}","templated":true}]}}